{"id":20,"date":"2024-01-15T15:22:16","date_gmt":"2024-01-15T14:22:16","guid":{"rendered":"https:\/\/kleeblatt.lu\/?page_id=20"},"modified":"2024-01-15T15:45:29","modified_gmt":"2024-01-15T14:45:29","slug":"moien-wellkomm","status":"publish","type":"page","link":"https:\/\/kleeblatt.lu\/","title":{"rendered":"Moien. W\u00ebllkomm\u00a0!"},"content":{"rendered":"<div class=\"wp-block-image is-style-rounded\">\n<figure class=\"alignleft size-large is-resized\"><img loading=\"lazy\" decoding=\"async\" width=\"980\" height=\"1024\" src=\"https:\/\/kleeblatt.lu\/wp-content\/uploads\/2024\/01\/portrait-980x1024.jpg\" alt=\"\" class=\"wp-image-21\" style=\"width:195px;height:auto\" srcset=\"https:\/\/kleeblatt.lu\/wp-content\/uploads\/2024\/01\/portrait-980x1024.jpg 980w, https:\/\/kleeblatt.lu\/wp-content\/uploads\/2024\/01\/portrait-287x300.jpg 287w, https:\/\/kleeblatt.lu\/wp-content\/uploads\/2024\/01\/portrait-768x802.jpg 768w, https:\/\/kleeblatt.lu\/wp-content\/uploads\/2024\/01\/portrait-1470x1536.jpg 1470w, https:\/\/kleeblatt.lu\/wp-content\/uploads\/2024\/01\/portrait-1961x2048.jpg 1961w\" sizes=\"auto, (max-width: 980px) 100vw, 980px\" \/><\/figure>\n<\/div>\n\n\n<p>Moien a W\u00ebllkomm. Dir sidd op der neier Spawecks\u00e4it vum Alain Kleeblatt.<br>Aus technesche Gr\u00ebnn konnt (nees) deen ale Site net weider gefouert ginn. D\u00ebst ass awer och d\u2019Gelee\u00ebnheet fir meng pers\u00e9inlech S\u00e4it nees opzemotzen an ze aktualis\u00e9ieren. Et g\u00ebtt vill W\u00e4ert op nei S\u00e4ite mat Fotoe geluecht.<\/p>\n\n\n\n<p>Fir d&rsquo;Videon ze kucken, d\u00e9i ech op Youtube publiz\u00e9ieren, kuckt w.e.g. d&rsquo;S\u00e4it <a href=\"http:\/\/www.4kfilmslux.lu\">www.4kfilmslux<strong>.lu<\/strong><\/a><\/p>\n\n\n\n<p>Vill Spaass beim \u201cbliederen\u201d, den Alain<\/p>\n\n\n\n<figure class=\"wp-block-table\"><table><tbody><tr><td class=\"has-text-align-center\" data-align=\"center\"><a href=\"https:\/\/www.facebook.com\/profile.php?id=100004794075045\" target=\"_blank\" rel=\"noreferrer noopener\"><img loading=\"lazy\" decoding=\"async\" width=\"150\" height=\"150\" class=\"wp-image-27\" style=\"width: 150px;\" src=\"https:\/\/kleeblatt.lu\/wp-content\/uploads\/2024\/01\/logo_facebook.png\" alt=\"\"><\/a><\/td><td class=\"has-text-align-center\" data-align=\"center\"><a href=\"https:\/\/lb.wikipedia.org\/wiki\/Alain_Kleeblatt\" target=\"_blank\" rel=\"noreferrer noopener\"><img loading=\"lazy\" decoding=\"async\" width=\"150\" height=\"150\" class=\"wp-image-30\" style=\"width: 150px;\" src=\"https:\/\/kleeblatt.lu\/wp-content\/uploads\/2024\/01\/logo_wikipedia.png\" alt=\"\"><\/a><\/td><td class=\"has-text-align-center\" data-align=\"center\"><a href=\"https:\/\/www.youtube.com\/channel\/UC67gkaZ21359Ut0FWlFKAXw\" target=\"_blank\" rel=\"noreferrer noopener\"><img loading=\"lazy\" decoding=\"async\" width=\"150\" height=\"104\" class=\"wp-image-31\" style=\"width: 150px;\" src=\"https:\/\/kleeblatt.lu\/wp-content\/uploads\/2024\/01\/logo_youtube.png\" alt=\"\"><\/a><\/td><td class=\"has-text-align-center\" data-align=\"center\"><a href=\"https:\/\/4kfilmslux.lu\/\" target=\"_blank\" rel=\"noreferrer noopener\"><img loading=\"lazy\" decoding=\"async\" width=\"150\" height=\"91\" class=\"wp-image-32\" style=\"width: 150px;\" src=\"https:\/\/kleeblatt.lu\/wp-content\/uploads\/2024\/01\/logo_4k.png\" alt=\"\"><\/a><\/td><\/tr><\/tbody><\/table><\/figure>\n\n\n\n<h2 class=\"wp-block-heading\">Bienvenue<\/h2>\n\n\n\n<p>Vous \u00eates sur le site d\u2019Alain Kleeblatt. Pour des raisons techniques, le site pr\u00e9c\u00e9dent n\u2019a pas pu \u00eatre maintenu. Cela me donne l\u2019occasion de renouveler mon site personnel et de l\u2019actualiser. Le nouveau site est notamment destin\u00e9 \u00e0 publier mon vaste archive de photos.<br>Notez que pour retrouver les vid\u00e9os que je publie sur youtube, vous pouvez consulter le site <a href=\"http:\/\/www.4kfilmslux.lu\">www.4kfilmslu.lu<\/a>.<br>Je vous souhaite beaucoup de plaisir \u00e0 parcourir ces pages.<br>Alain Kleeblatt<\/p>\n\n\n\n<h2 class=\"wp-block-heading\">Hello and welcome,<\/h2>\n\n\n\n<p>You are on Alain Kleeblatt\u2019s website. For technical reasons, the previous site could not be maintained. This gives me the opportunity to renew my personal website and update it. I hope to publish many new pages and photo galleries.<br>I wish you a lot of fun browsing these pages.<br>To search for the videos I publish on Youtube, please check <a href=\"http:\/\/www.4kfilmslux.lu\">www.4kfilmslux.lu<\/a>.<br>Alain Kleeblatt<\/p>\n\n\n\n<h2 class=\"wp-block-heading\">Hallo und herzlich willkommen<\/h2>\n\n\n\n<p><br>Sie befinden sich auf der Website von Alain Kleeblatt. Aus technischen Gr\u00fcnden konnte die vorherige Seite nicht mehr aufrechterhalten werden. Dies gibt mir die Gelegenheit, meine pers\u00f6nliche Website zu erneuern und zu aktualisieren. Ich hoffe, dass ich viele neue Seiten und Fotogalerien ver\u00f6ffentlichen kann.<br>Ich w\u00fcnsche Ihnen viel Spa\u00df beim Durchst\u00f6bern dieser Seiten.<br>F\u00fcr die Suche nach den Videos, die ich auf Youtube ver\u00f6ffentliche, besuchen Sie bitte <a href=\"http:\/\/www.4kfilmslux.lu\">www.4kfilmslux.lu<\/a>.<br>Alain Kleeblatt<\/p>\n","protected":false},"excerpt":{"rendered":"<p>Moien a W\u00ebllkomm. Dir sidd op der neier Spawecks\u00e4it vum Alain Kleeblatt.Aus technesche Gr\u00ebnn konnt (nees) deen ale Site net &hellip; <a href=\"https:\/\/kleeblatt.lu\/\" class=\"more-link\">More <span class=\"screen-reader-text\">Moien. W\u00ebllkomm\u00a0!<\/span> <span class=\"meta-nav\">&rarr;<\/span><\/a><\/p>\n","protected":false},"author":2,"featured_media":0,"parent":0,"menu_order":0,"comment_status":"closed","ping_status":"closed","template":"","meta":{"footnotes":""},"class_list":["post-20","page","type-page","status-publish","hentry"],"_links":{"self":[{"href":"https:\/\/kleeblatt.lu\/index.php?rest_route=\/wp\/v2\/pages\/20","targetHints":{"allow":["GET"]}}],"collection":[{"href":"https:\/\/kleeblatt.lu\/index.php?rest_route=\/wp\/v2\/pages"}],"about":[{"href":"https:\/\/kleeblatt.lu\/index.php?rest_route=\/wp\/v2\/types\/page"}],"author":[{"embeddable":true,"href":"https:\/\/kleeblatt.lu\/index.php?rest_route=\/wp\/v2\/users\/2"}],"replies":[{"embeddable":true,"href":"https:\/\/kleeblatt.lu\/index.php?rest_route=%2Fwp%2Fv2%2Fcomments&post=20"}],"version-history":[{"count":6,"href":"https:\/\/kleeblatt.lu\/index.php?rest_route=\/wp\/v2\/pages\/20\/revisions"}],"predecessor-version":[{"id":35,"href":"https:\/\/kleeblatt.lu\/index.php?rest_route=\/wp\/v2\/pages\/20\/revisions\/35"}],"wp:attachment":[{"href":"https:\/\/kleeblatt.lu\/index.php?rest_route=%2Fwp%2Fv2%2Fmedia&parent=20"}],"curies":[{"name":"wp","href":"https:\/\/api.w.org\/{rel}","templated":true}]}}